{"id":15371,"date":"2021-10-08T19:27:32","date_gmt":"2021-10-08T19:27:32","guid":{"rendered":"https:\/\/eflow.live\/pricing\/"},"modified":"2025-06-20T07:58:13","modified_gmt":"2025-06-20T07:58:13","slug":"hinnad","status":"publish","type":"page","link":"https:\/\/eflow.live\/et\/hinnad\/","title":{"rendered":"Hinnad"},"content":{"rendered":"","protected":false},"excerpt":{"rendered":"","protected":false},"author":10,"featured_media":15936,"parent":0,"menu_order":0,"comment_status":"closed","ping_status":"closed","template":"template-pagebuilder.php","meta":{"_acf_changed":false,"footnotes":""},"class_list":["post-15371","page","type-page","status-publish","has-post-thumbnail","hentry"],"acf":[],"yoast_head":"<!-- This site is optimized with the Yoast SEO plugin v27.4 - https:\/\/yoast.com\/product\/yoast-seo-wordpress\/ -->\n<title>Arvehalduse automatiseerimine alates 99\u20ac kuus | Telema eFlow<\/title>\n<meta name=\"description\" content=\"Arvehalduse automatiseerimine v\u00e4iksematele meeskonnale v\u00f5i suurematele lisatud turvalisuse ja ostudokumentide v\u00f5rdlusega.\" \/>\n<meta name=\"robots\" content=\"index, follow, max-snippet:-1, max-image-preview:large, max-video-preview:-1\" \/>\n<link rel=\"canonical\" href=\"https:\/\/eflow.live\/et\/hinnad\/\" \/>\n<meta property=\"og:locale\" content=\"et_EE\" \/>\n<meta property=\"og:type\" content=\"article\" \/>\n<meta property=\"og:title\" content=\"Arvehalduse automatiseerimine alates 99\u20ac kuus | Telema eFlow\" \/>\n<meta property=\"og:description\" content=\"Arvehalduse automatiseerimine v\u00e4iksematele meeskonnale v\u00f5i suurematele lisatud turvalisuse ja ostudokumentide v\u00f5rdlusega.\" \/>\n<meta property=\"og:url\" content=\"https:\/\/eflow.live\/et\/hinnad\/\" \/>\n<meta property=\"og:site_name\" content=\"Telema eFlow\" \/>\n<meta property=\"article:publisher\" content=\"https:\/\/www.facebook.com\/Telema.AS\/\" \/>\n<meta property=\"article:modified_time\" content=\"2025-06-20T07:58:13+00:00\" \/>\n<meta property=\"og:image\" content=\"https:\/\/eflow.live\/wp-content\/uploads\/2022\/01\/App-avaleht.png\" \/>\n\t<meta property=\"og:image:width\" content=\"2560\" \/>\n\t<meta property=\"og:image:height\" content=\"1440\" \/>\n\t<meta property=\"og:image:type\" content=\"image\/png\" \/>\n<meta name=\"twitter:card\" content=\"summary_large_image\" \/>\n<meta name=\"twitter:label1\" content=\"Est. reading time\" \/>\n\t<meta name=\"twitter:data1\" content=\"1 minut\" \/>\n<script type=\"application\/ld+json\" class=\"yoast-schema-graph\">{\"@context\":\"https:\\\/\\\/schema.org\",\"@graph\":[{\"@type\":\"WebPage\",\"@id\":\"https:\\\/\\\/eflow.live\\\/et\\\/hinnad\\\/\",\"url\":\"https:\\\/\\\/eflow.live\\\/et\\\/hinnad\\\/\",\"name\":\"Arvehalduse automatiseerimine alates 99\u20ac kuus | Telema eFlow\",\"isPartOf\":{\"@id\":\"https:\\\/\\\/eflow.live\\\/et\\\/#website\"},\"primaryImageOfPage\":{\"@id\":\"https:\\\/\\\/eflow.live\\\/et\\\/hinnad\\\/#primaryimage\"},\"image\":{\"@id\":\"https:\\\/\\\/eflow.live\\\/et\\\/hinnad\\\/#primaryimage\"},\"thumbnailUrl\":\"https:\\\/\\\/eflow.live\\\/wp-content\\\/uploads\\\/2022\\\/01\\\/App-avaleht.png\",\"datePublished\":\"2021-10-08T19:27:32+00:00\",\"dateModified\":\"2025-06-20T07:58:13+00:00\",\"description\":\"Arvehalduse automatiseerimine v\u00e4iksematele meeskonnale v\u00f5i suurematele lisatud turvalisuse ja ostudokumentide v\u00f5rdlusega.\",\"breadcrumb\":{\"@id\":\"https:\\\/\\\/eflow.live\\\/et\\\/hinnad\\\/#breadcrumb\"},\"inLanguage\":\"et\",\"potentialAction\":[{\"@type\":\"ReadAction\",\"target\":[\"https:\\\/\\\/eflow.live\\\/et\\\/hinnad\\\/\"]}]},{\"@type\":\"ImageObject\",\"inLanguage\":\"et\",\"@id\":\"https:\\\/\\\/eflow.live\\\/et\\\/hinnad\\\/#primaryimage\",\"url\":\"https:\\\/\\\/eflow.live\\\/wp-content\\\/uploads\\\/2022\\\/01\\\/App-avaleht.png\",\"contentUrl\":\"https:\\\/\\\/eflow.live\\\/wp-content\\\/uploads\\\/2022\\\/01\\\/App-avaleht.png\",\"width\":2560,\"height\":1440,\"caption\":\"arvehalduse automatiseerimine\"},{\"@type\":\"BreadcrumbList\",\"@id\":\"https:\\\/\\\/eflow.live\\\/et\\\/hinnad\\\/#breadcrumb\",\"itemListElement\":[{\"@type\":\"ListItem\",\"position\":1,\"name\":\"Home\",\"item\":\"https:\\\/\\\/eflow.live\\\/et\\\/\"},{\"@type\":\"ListItem\",\"position\":2,\"name\":\"Hinnad\"}]},{\"@type\":\"WebSite\",\"@id\":\"https:\\\/\\\/eflow.live\\\/et\\\/#website\",\"url\":\"https:\\\/\\\/eflow.live\\\/et\\\/\",\"name\":\"Telema eFlow\",\"description\":\"\",\"potentialAction\":[{\"@type\":\"SearchAction\",\"target\":{\"@type\":\"EntryPoint\",\"urlTemplate\":\"https:\\\/\\\/eflow.live\\\/et\\\/?s={search_term_string}\"},\"query-input\":{\"@type\":\"PropertyValueSpecification\",\"valueRequired\":true,\"valueName\":\"search_term_string\"}}],\"inLanguage\":\"et\"}]}<\/script>\n<!-- \/ Yoast SEO plugin. -->","yoast_head_json":{"title":"Arvehalduse automatiseerimine alates 99\u20ac kuus | Telema eFlow","description":"Arvehalduse automatiseerimine v\u00e4iksematele meeskonnale v\u00f5i suurematele lisatud turvalisuse ja ostudokumentide v\u00f5rdlusega.","robots":{"index":"index","follow":"follow","max-snippet":"max-snippet:-1","max-image-preview":"max-image-preview:large","max-video-preview":"max-video-preview:-1"},"canonical":"https:\/\/eflow.live\/et\/hinnad\/","og_locale":"et_EE","og_type":"article","og_title":"Arvehalduse automatiseerimine alates 99\u20ac kuus | Telema eFlow","og_description":"Arvehalduse automatiseerimine v\u00e4iksematele meeskonnale v\u00f5i suurematele lisatud turvalisuse ja ostudokumentide v\u00f5rdlusega.","og_url":"https:\/\/eflow.live\/et\/hinnad\/","og_site_name":"Telema eFlow","article_publisher":"https:\/\/www.facebook.com\/Telema.AS\/","article_modified_time":"2025-06-20T07:58:13+00:00","og_image":[{"width":2560,"height":1440,"url":"https:\/\/eflow.live\/wp-content\/uploads\/2022\/01\/App-avaleht.png","type":"image\/png"}],"twitter_card":"summary_large_image","twitter_misc":{"Est. reading time":"1 minut"},"schema":{"@context":"https:\/\/schema.org","@graph":[{"@type":"WebPage","@id":"https:\/\/eflow.live\/et\/hinnad\/","url":"https:\/\/eflow.live\/et\/hinnad\/","name":"Arvehalduse automatiseerimine alates 99\u20ac kuus | Telema eFlow","isPartOf":{"@id":"https:\/\/eflow.live\/et\/#website"},"primaryImageOfPage":{"@id":"https:\/\/eflow.live\/et\/hinnad\/#primaryimage"},"image":{"@id":"https:\/\/eflow.live\/et\/hinnad\/#primaryimage"},"thumbnailUrl":"https:\/\/eflow.live\/wp-content\/uploads\/2022\/01\/App-avaleht.png","datePublished":"2021-10-08T19:27:32+00:00","dateModified":"2025-06-20T07:58:13+00:00","description":"Arvehalduse automatiseerimine v\u00e4iksematele meeskonnale v\u00f5i suurematele lisatud turvalisuse ja ostudokumentide v\u00f5rdlusega.","breadcrumb":{"@id":"https:\/\/eflow.live\/et\/hinnad\/#breadcrumb"},"inLanguage":"et","potentialAction":[{"@type":"ReadAction","target":["https:\/\/eflow.live\/et\/hinnad\/"]}]},{"@type":"ImageObject","inLanguage":"et","@id":"https:\/\/eflow.live\/et\/hinnad\/#primaryimage","url":"https:\/\/eflow.live\/wp-content\/uploads\/2022\/01\/App-avaleht.png","contentUrl":"https:\/\/eflow.live\/wp-content\/uploads\/2022\/01\/App-avaleht.png","width":2560,"height":1440,"caption":"arvehalduse automatiseerimine"},{"@type":"BreadcrumbList","@id":"https:\/\/eflow.live\/et\/hinnad\/#breadcrumb","itemListElement":[{"@type":"ListItem","position":1,"name":"Home","item":"https:\/\/eflow.live\/et\/"},{"@type":"ListItem","position":2,"name":"Hinnad"}]},{"@type":"WebSite","@id":"https:\/\/eflow.live\/et\/#website","url":"https:\/\/eflow.live\/et\/","name":"Telema eFlow","description":"","potentialAction":[{"@type":"SearchAction","target":{"@type":"EntryPoint","urlTemplate":"https:\/\/eflow.live\/et\/?s={search_term_string}"},"query-input":{"@type":"PropertyValueSpecification","valueRequired":true,"valueName":"search_term_string"}}],"inLanguage":"et"}]}},"_links":{"self":[{"href":"https:\/\/eflow.live\/et\/wp-json\/wp\/v2\/pages\/15371","targetHints":{"allow":["GET"]}}],"collection":[{"href":"https:\/\/eflow.live\/et\/wp-json\/wp\/v2\/pages"}],"about":[{"href":"https:\/\/eflow.live\/et\/wp-json\/wp\/v2\/types\/page"}],"author":[{"embeddable":true,"href":"https:\/\/eflow.live\/et\/wp-json\/wp\/v2\/users\/10"}],"replies":[{"embeddable":true,"href":"https:\/\/eflow.live\/et\/wp-json\/wp\/v2\/comments?post=15371"}],"version-history":[{"count":33,"href":"https:\/\/eflow.live\/et\/wp-json\/wp\/v2\/pages\/15371\/revisions"}],"predecessor-version":[{"id":18615,"href":"https:\/\/eflow.live\/et\/wp-json\/wp\/v2\/pages\/15371\/revisions\/18615"}],"wp:featuredmedia":[{"embeddable":true,"href":"https:\/\/eflow.live\/et\/wp-json\/wp\/v2\/media\/15936"}],"wp:attachment":[{"href":"https:\/\/eflow.live\/et\/wp-json\/wp\/v2\/media?parent=15371"}],"curies":[{"name":"wp","href":"https:\/\/api.w.org\/{rel}","templated":true}]}}