{"id":15369,"date":"2021-11-01T17:07:16","date_gmt":"2021-11-01T17:07:16","guid":{"rendered":"https:\/\/eflow.live\/thank-you\/"},"modified":"2022-08-10T10:41:23","modified_gmt":"2022-08-10T10:41:23","slug":"aitah","status":"publish","type":"page","link":"https:\/\/eflow.live\/et\/aitah\/","title":{"rendered":"Ait\u00e4h!"},"content":{"rendered":"\n<p>V\u00f5tame teiega \u00f5ige pea \u00fchendust<\/p>\n","protected":false},"excerpt":{"rendered":"<p>V\u00f5tame teiega \u00f5ige pea \u00fchendust<\/p>\n","protected":false},"author":10,"featured_media":0,"parent":0,"menu_order":0,"comment_status":"closed","ping_status":"closed","template":"","meta":{"_acf_changed":false,"footnotes":""},"class_list":["post-15369","page","type-page","status-publish","hentry"],"acf":[],"yoast_head":"<!-- This site is optimized with the Yoast SEO plugin v27.4 - https:\/\/yoast.com\/product\/yoast-seo-wordpress\/ -->\n<title>Ait\u00e4h! | Telema eFlow<\/title>\n<meta name=\"description\" content=\"V\u00f5tame teiega \u00f5ige pea \u00fchendust!\" \/>\n<meta name=\"robots\" content=\"index, follow, max-snippet:-1, max-image-preview:large, max-video-preview:-1\" \/>\n<link rel=\"canonical\" href=\"https:\/\/eflow.live\/et\/aitah\/\" \/>\n<meta property=\"og:locale\" content=\"et_EE\" \/>\n<meta property=\"og:type\" content=\"article\" \/>\n<meta property=\"og:title\" content=\"Ait\u00e4h! | Telema eFlow\" \/>\n<meta property=\"og:description\" content=\"V\u00f5tame teiega \u00f5ige pea \u00fchendust!\" \/>\n<meta property=\"og:url\" content=\"https:\/\/eflow.live\/et\/aitah\/\" \/>\n<meta property=\"og:site_name\" content=\"Telema eFlow\" \/>\n<meta property=\"article:publisher\" content=\"https:\/\/www.facebook.com\/Telema.AS\/\" \/>\n<meta property=\"article:modified_time\" content=\"2022-08-10T10:41:23+00:00\" \/>\n<meta name=\"twitter:card\" content=\"summary_large_image\" \/>\n<meta name=\"twitter:label1\" content=\"Est. reading time\" \/>\n\t<meta name=\"twitter:data1\" content=\"1 minut\" \/>\n<script type=\"application\/ld+json\" class=\"yoast-schema-graph\">{\"@context\":\"https:\\\/\\\/schema.org\",\"@graph\":[{\"@type\":\"WebPage\",\"@id\":\"https:\\\/\\\/eflow.live\\\/et\\\/aitah\\\/\",\"url\":\"https:\\\/\\\/eflow.live\\\/et\\\/aitah\\\/\",\"name\":\"Ait\u00e4h! | Telema eFlow\",\"isPartOf\":{\"@id\":\"https:\\\/\\\/eflow.live\\\/et\\\/#website\"},\"datePublished\":\"2021-11-01T17:07:16+00:00\",\"dateModified\":\"2022-08-10T10:41:23+00:00\",\"description\":\"V\u00f5tame teiega \u00f5ige pea \u00fchendust!\",\"breadcrumb\":{\"@id\":\"https:\\\/\\\/eflow.live\\\/et\\\/aitah\\\/#breadcrumb\"},\"inLanguage\":\"et\",\"potentialAction\":[{\"@type\":\"ReadAction\",\"target\":[\"https:\\\/\\\/eflow.live\\\/et\\\/aitah\\\/\"]}]},{\"@type\":\"BreadcrumbList\",\"@id\":\"https:\\\/\\\/eflow.live\\\/et\\\/aitah\\\/#breadcrumb\",\"itemListElement\":[{\"@type\":\"ListItem\",\"position\":1,\"name\":\"Home\",\"item\":\"https:\\\/\\\/eflow.live\\\/et\\\/\"},{\"@type\":\"ListItem\",\"position\":2,\"name\":\"Ait\u00e4h!\"}]},{\"@type\":\"WebSite\",\"@id\":\"https:\\\/\\\/eflow.live\\\/et\\\/#website\",\"url\":\"https:\\\/\\\/eflow.live\\\/et\\\/\",\"name\":\"Telema eFlow\",\"description\":\"\",\"potentialAction\":[{\"@type\":\"SearchAction\",\"target\":{\"@type\":\"EntryPoint\",\"urlTemplate\":\"https:\\\/\\\/eflow.live\\\/et\\\/?s={search_term_string}\"},\"query-input\":{\"@type\":\"PropertyValueSpecification\",\"valueRequired\":true,\"valueName\":\"search_term_string\"}}],\"inLanguage\":\"et\"}]}<\/script>\n<!-- \/ Yoast SEO plugin. -->","yoast_head_json":{"title":"Ait\u00e4h! | Telema eFlow","description":"V\u00f5tame teiega \u00f5ige pea \u00fchendust!","robots":{"index":"index","follow":"follow","max-snippet":"max-snippet:-1","max-image-preview":"max-image-preview:large","max-video-preview":"max-video-preview:-1"},"canonical":"https:\/\/eflow.live\/et\/aitah\/","og_locale":"et_EE","og_type":"article","og_title":"Ait\u00e4h! | Telema eFlow","og_description":"V\u00f5tame teiega \u00f5ige pea \u00fchendust!","og_url":"https:\/\/eflow.live\/et\/aitah\/","og_site_name":"Telema eFlow","article_publisher":"https:\/\/www.facebook.com\/Telema.AS\/","article_modified_time":"2022-08-10T10:41:23+00:00","twitter_card":"summary_large_image","twitter_misc":{"Est. reading time":"1 minut"},"schema":{"@context":"https:\/\/schema.org","@graph":[{"@type":"WebPage","@id":"https:\/\/eflow.live\/et\/aitah\/","url":"https:\/\/eflow.live\/et\/aitah\/","name":"Ait\u00e4h! | Telema eFlow","isPartOf":{"@id":"https:\/\/eflow.live\/et\/#website"},"datePublished":"2021-11-01T17:07:16+00:00","dateModified":"2022-08-10T10:41:23+00:00","description":"V\u00f5tame teiega \u00f5ige pea \u00fchendust!","breadcrumb":{"@id":"https:\/\/eflow.live\/et\/aitah\/#breadcrumb"},"inLanguage":"et","potentialAction":[{"@type":"ReadAction","target":["https:\/\/eflow.live\/et\/aitah\/"]}]},{"@type":"BreadcrumbList","@id":"https:\/\/eflow.live\/et\/aitah\/#breadcrumb","itemListElement":[{"@type":"ListItem","position":1,"name":"Home","item":"https:\/\/eflow.live\/et\/"},{"@type":"ListItem","position":2,"name":"Ait\u00e4h!"}]},{"@type":"WebSite","@id":"https:\/\/eflow.live\/et\/#website","url":"https:\/\/eflow.live\/et\/","name":"Telema eFlow","description":"","potentialAction":[{"@type":"SearchAction","target":{"@type":"EntryPoint","urlTemplate":"https:\/\/eflow.live\/et\/?s={search_term_string}"},"query-input":{"@type":"PropertyValueSpecification","valueRequired":true,"valueName":"search_term_string"}}],"inLanguage":"et"}]}},"_links":{"self":[{"href":"https:\/\/eflow.live\/et\/wp-json\/wp\/v2\/pages\/15369","targetHints":{"allow":["GET"]}}],"collection":[{"href":"https:\/\/eflow.live\/et\/wp-json\/wp\/v2\/pages"}],"about":[{"href":"https:\/\/eflow.live\/et\/wp-json\/wp\/v2\/types\/page"}],"author":[{"embeddable":true,"href":"https:\/\/eflow.live\/et\/wp-json\/wp\/v2\/users\/10"}],"replies":[{"embeddable":true,"href":"https:\/\/eflow.live\/et\/wp-json\/wp\/v2\/comments?post=15369"}],"version-history":[{"count":2,"href":"https:\/\/eflow.live\/et\/wp-json\/wp\/v2\/pages\/15369\/revisions"}],"predecessor-version":[{"id":15629,"href":"https:\/\/eflow.live\/et\/wp-json\/wp\/v2\/pages\/15369\/revisions\/15629"}],"wp:attachment":[{"href":"https:\/\/eflow.live\/et\/wp-json\/wp\/v2\/media?parent=15369"}],"curies":[{"name":"wp","href":"https:\/\/api.w.org\/{rel}","templated":true}]}}