{"id":15367,"date":"2021-11-08T13:44:14","date_gmt":"2021-11-08T13:44:14","guid":{"rendered":"https:\/\/eflow.live\/technical-guidelines-for-implementing\/"},"modified":"2025-11-07T11:13:31","modified_gmt":"2025-11-07T11:13:31","slug":"tehniline-informatsioon-juurutajale","status":"publish","type":"page","link":"https:\/\/eflow.live\/et\/tehniline-informatsioon-juurutajale\/","title":{"rendered":"Tehniline informatsioon juurutajale"},"content":{"rendered":"\n<p style=\"font-size:20px\">Telema eFlow on veebikeskkond ostuarvete elektroonseks kinnitamiseks ja kulude jaotamiseks. eFlow kasutuselev\u00f5tuks tuleb raamatupidmistarkvara \u00fchendada Telema EDI s\u00fcsteemiga.<\/p>\n\n\n\n<p style=\"font-size:20px\">Siit lehelt leiad Sa juhised ja n\u00e4idised Telema eFlow ning Telema eDoci juurutamiseks.<br>Telema eDoc on dokumendistandard EDI s\u00f5numite saatmiseks.<\/p>\n\n\n\n<p style=\"font-size:20px\">Dokumentatsioon on inglisekeelne. Juhul, kui Sul tekib juurutamisel k\u00fcsimusi, v\u00f5ta \u00fchendust meie klienditoega support@telema.com.<\/p>\n\n\n\n<h2 class=\"wp-block-heading\" id=\"materjalid-alustamiseks\">Materjalid alustamiseks:<\/h2>\n\n\n\n<p style=\"font-size:18px\"><a href=\"https:\/\/docs.google.com\/document\/d\/e\/2PACX-1vSwcckus7azfwYguw3oRCunlgTgbGG-Yey2eVIz-MOn29VknzKMgRJoAF1t5oOaoLpla1gb4zL8fKfG\/pub?urp=gmail_link\" target=\"_blank\" rel=\"noreferrer noopener\">Telema eFlow juurutusjuhend<\/a><br><a href=\"https:\/\/docs.google.com\/document\/d\/1IIcLJVu9a4IOfA097i8lMNfNUeymYbvyoEkX0LJbRcE\/edit?usp=sharing\" target=\"_blank\" rel=\"noopener\">Telema eDoc juurutusjuhend<\/a><\/p>\n\n\n\n<h2 class=\"wp-block-heading\" id=\"naidisfailid\">N\u00e4idisfailid:<\/h2>\n\n\n\n<p style=\"font-size:20px\"><strong>Tehingudokumendid<\/strong><\/p>\n\n\n\n<p style=\"font-size:18px\">Raamatupidamiskanne <a href=\"https:\/\/drive.google.com\/file\/d\/1rH6G7CL9RFk2lizvWDQwRrbvzVzgj1gH\/view?usp=sharing\" target=\"_blank\" rel=\"noreferrer noopener\">(ENTREC)<\/a> <br>Kande kinnitus <a href=\"https:\/\/drive.google.com\/file\/d\/1110wKCdvyC57J_oel-saozeMmsnGfDRH\/view?usp=sharing\" target=\"_blank\" rel=\"noreferrer noopener\">(APERAK)<\/a><br>Makseinfo <a href=\"https:\/\/drive.google.com\/file\/d\/1H3VSB6JfEz7PyORejQgpeWIYgCFfGXbv\/view?usp=sharing\" target=\"_blank\" rel=\"noreferrer noopener\">(REMADV)<\/a><\/p>\n\n\n\n<p style=\"font-size:20px\"><strong>Alusandmed<\/strong><\/p>\n\n\n\n<p style=\"font-size:18px\"><a href=\"https:\/\/drive.google.com\/file\/d\/0BwyM_j-Tt0VvVDZqWnkxYVFOeHM\/view?usp=sharing&amp;resourcekey=0-O32ajNUSpqfU_JWVV7xRcg\" target=\"_blank\" rel=\"noreferrer noopener\">Tarnijad (PARTNER)<\/a><br><a href=\"https:\/\/drive.google.com\/file\/d\/0BwyM_j-Tt0VvWDVVZXI5TVJ2MWM\/view?resourcekey=0-ctILklRtR8OyeyWILfHbiQ\" target=\"_blank\" rel=\"noreferrer noopener\">KM koodid (VATCODES)<\/a><br><a href=\"https:\/\/drive.google.com\/file\/d\/1TJHMS2oVQy0UAazSnVwQm97PnQLI1VG_\/view?usp=sharing\" target=\"_blank\" rel=\"noreferrer noopener\">Kulukohad (CLASET)<\/a><br><a href=\"https:\/\/drive.google.com\/file\/d\/13xaFbmmOJzwumsiLfxgT0FGw7rdyIODF\/view?usp=sharing\" target=\"_blank\" rel=\"noreferrer noopener\">Kontoplaan (CHACCO)<\/a><\/p>\n","protected":false},"excerpt":{"rendered":"<p>Telema eFlow on veebikeskkond ostuarvete elektroonseks kinnitamiseks ja kulude jaotamiseks. eFlow kasutuselev\u00f5tuks tuleb raamatupidmistarkvara \u00fchendada Telema EDI s\u00fcsteemiga. Siit lehelt [&hellip;]<\/p>\n","protected":false},"author":10,"featured_media":14986,"parent":0,"menu_order":0,"comment_status":"closed","ping_status":"closed","template":"","meta":{"_acf_changed":false,"footnotes":""},"class_list":["post-15367","page","type-page","status-publish","has-post-thumbnail","hentry"],"acf":[],"yoast_head":"<!-- This site is optimized with the Yoast SEO plugin v27.4 - https:\/\/yoast.com\/product\/yoast-seo-wordpress\/ -->\n<title>Veebikeskkond ostuarvete kinnitamiseks | Telema eFlow<\/title>\n<meta name=\"description\" content=\"Elektroonseks kinnitamiseks ja kulude jaotamiseks Telema eFlow veebikeskkonnas tuleb raamatupidmistarkvara \u00fchendada Telema EDI s\u00fcsteemiga.\" \/>\n<meta name=\"robots\" content=\"index, follow, max-snippet:-1, max-image-preview:large, max-video-preview:-1\" \/>\n<link rel=\"canonical\" href=\"https:\/\/eflow.live\/et\/tehniline-informatsioon-juurutajale\/\" \/>\n<meta property=\"og:locale\" content=\"et_EE\" \/>\n<meta property=\"og:type\" content=\"article\" \/>\n<meta property=\"og:title\" content=\"Veebikeskkond ostuarvete kinnitamiseks | Telema eFlow\" \/>\n<meta property=\"og:description\" content=\"Elektroonseks kinnitamiseks ja kulude jaotamiseks Telema eFlow veebikeskkonnas tuleb raamatupidmistarkvara \u00fchendada Telema EDI s\u00fcsteemiga.\" \/>\n<meta property=\"og:url\" content=\"https:\/\/eflow.live\/et\/tehniline-informatsioon-juurutajale\/\" \/>\n<meta property=\"og:site_name\" content=\"Telema eFlow\" \/>\n<meta property=\"article:publisher\" content=\"https:\/\/www.facebook.com\/Telema.AS\/\" \/>\n<meta property=\"article:modified_time\" content=\"2025-11-07T11:13:31+00:00\" \/>\n<meta name=\"twitter:card\" content=\"summary_large_image\" \/>\n<meta name=\"twitter:label1\" content=\"Est. reading time\" \/>\n\t<meta name=\"twitter:data1\" content=\"1 minut\" \/>\n<script type=\"application\/ld+json\" class=\"yoast-schema-graph\">{\"@context\":\"https:\\\/\\\/schema.org\",\"@graph\":[{\"@type\":\"WebPage\",\"@id\":\"https:\\\/\\\/eflow.live\\\/et\\\/tehniline-informatsioon-juurutajale\\\/\",\"url\":\"https:\\\/\\\/eflow.live\\\/et\\\/tehniline-informatsioon-juurutajale\\\/\",\"name\":\"Veebikeskkond ostuarvete kinnitamiseks | Telema eFlow\",\"isPartOf\":{\"@id\":\"https:\\\/\\\/eflow.live\\\/et\\\/#website\"},\"primaryImageOfPage\":{\"@id\":\"https:\\\/\\\/eflow.live\\\/et\\\/tehniline-informatsioon-juurutajale\\\/#primaryimage\"},\"image\":{\"@id\":\"https:\\\/\\\/eflow.live\\\/et\\\/tehniline-informatsioon-juurutajale\\\/#primaryimage\"},\"thumbnailUrl\":\"https:\\\/\\\/eflow.live\\\/wp-content\\\/uploads\\\/2021\\\/10\\\/icon-features-2.svg\",\"datePublished\":\"2021-11-08T13:44:14+00:00\",\"dateModified\":\"2025-11-07T11:13:31+00:00\",\"description\":\"Elektroonseks kinnitamiseks ja kulude jaotamiseks Telema eFlow veebikeskkonnas tuleb raamatupidmistarkvara \u00fchendada Telema EDI s\u00fcsteemiga.\",\"breadcrumb\":{\"@id\":\"https:\\\/\\\/eflow.live\\\/et\\\/tehniline-informatsioon-juurutajale\\\/#breadcrumb\"},\"inLanguage\":\"et\",\"potentialAction\":[{\"@type\":\"ReadAction\",\"target\":[\"https:\\\/\\\/eflow.live\\\/et\\\/tehniline-informatsioon-juurutajale\\\/\"]}]},{\"@type\":\"ImageObject\",\"inLanguage\":\"et\",\"@id\":\"https:\\\/\\\/eflow.live\\\/et\\\/tehniline-informatsioon-juurutajale\\\/#primaryimage\",\"url\":\"https:\\\/\\\/eflow.live\\\/wp-content\\\/uploads\\\/2021\\\/10\\\/icon-features-2.svg\",\"contentUrl\":\"https:\\\/\\\/eflow.live\\\/wp-content\\\/uploads\\\/2021\\\/10\\\/icon-features-2.svg\",\"width\":100,\"height\":88,\"caption\":\"veebikeskkond ostuarvete kinnitamiseks\"},{\"@type\":\"BreadcrumbList\",\"@id\":\"https:\\\/\\\/eflow.live\\\/et\\\/tehniline-informatsioon-juurutajale\\\/#breadcrumb\",\"itemListElement\":[{\"@type\":\"ListItem\",\"position\":1,\"name\":\"Home\",\"item\":\"https:\\\/\\\/eflow.live\\\/et\\\/\"},{\"@type\":\"ListItem\",\"position\":2,\"name\":\"Tehniline informatsioon juurutajale\"}]},{\"@type\":\"WebSite\",\"@id\":\"https:\\\/\\\/eflow.live\\\/et\\\/#website\",\"url\":\"https:\\\/\\\/eflow.live\\\/et\\\/\",\"name\":\"Telema eFlow\",\"description\":\"\",\"potentialAction\":[{\"@type\":\"SearchAction\",\"target\":{\"@type\":\"EntryPoint\",\"urlTemplate\":\"https:\\\/\\\/eflow.live\\\/et\\\/?s={search_term_string}\"},\"query-input\":{\"@type\":\"PropertyValueSpecification\",\"valueRequired\":true,\"valueName\":\"search_term_string\"}}],\"inLanguage\":\"et\"}]}<\/script>\n<!-- \/ Yoast SEO plugin. -->","yoast_head_json":{"title":"Veebikeskkond ostuarvete kinnitamiseks | Telema eFlow","description":"Elektroonseks kinnitamiseks ja kulude jaotamiseks Telema eFlow veebikeskkonnas tuleb raamatupidmistarkvara \u00fchendada Telema EDI s\u00fcsteemiga.","robots":{"index":"index","follow":"follow","max-snippet":"max-snippet:-1","max-image-preview":"max-image-preview:large","max-video-preview":"max-video-preview:-1"},"canonical":"https:\/\/eflow.live\/et\/tehniline-informatsioon-juurutajale\/","og_locale":"et_EE","og_type":"article","og_title":"Veebikeskkond ostuarvete kinnitamiseks | Telema eFlow","og_description":"Elektroonseks kinnitamiseks ja kulude jaotamiseks Telema eFlow veebikeskkonnas tuleb raamatupidmistarkvara \u00fchendada Telema EDI s\u00fcsteemiga.","og_url":"https:\/\/eflow.live\/et\/tehniline-informatsioon-juurutajale\/","og_site_name":"Telema eFlow","article_publisher":"https:\/\/www.facebook.com\/Telema.AS\/","article_modified_time":"2025-11-07T11:13:31+00:00","twitter_card":"summary_large_image","twitter_misc":{"Est. reading time":"1 minut"},"schema":{"@context":"https:\/\/schema.org","@graph":[{"@type":"WebPage","@id":"https:\/\/eflow.live\/et\/tehniline-informatsioon-juurutajale\/","url":"https:\/\/eflow.live\/et\/tehniline-informatsioon-juurutajale\/","name":"Veebikeskkond ostuarvete kinnitamiseks | Telema eFlow","isPartOf":{"@id":"https:\/\/eflow.live\/et\/#website"},"primaryImageOfPage":{"@id":"https:\/\/eflow.live\/et\/tehniline-informatsioon-juurutajale\/#primaryimage"},"image":{"@id":"https:\/\/eflow.live\/et\/tehniline-informatsioon-juurutajale\/#primaryimage"},"thumbnailUrl":"https:\/\/eflow.live\/wp-content\/uploads\/2021\/10\/icon-features-2.svg","datePublished":"2021-11-08T13:44:14+00:00","dateModified":"2025-11-07T11:13:31+00:00","description":"Elektroonseks kinnitamiseks ja kulude jaotamiseks Telema eFlow veebikeskkonnas tuleb raamatupidmistarkvara \u00fchendada Telema EDI s\u00fcsteemiga.","breadcrumb":{"@id":"https:\/\/eflow.live\/et\/tehniline-informatsioon-juurutajale\/#breadcrumb"},"inLanguage":"et","potentialAction":[{"@type":"ReadAction","target":["https:\/\/eflow.live\/et\/tehniline-informatsioon-juurutajale\/"]}]},{"@type":"ImageObject","inLanguage":"et","@id":"https:\/\/eflow.live\/et\/tehniline-informatsioon-juurutajale\/#primaryimage","url":"https:\/\/eflow.live\/wp-content\/uploads\/2021\/10\/icon-features-2.svg","contentUrl":"https:\/\/eflow.live\/wp-content\/uploads\/2021\/10\/icon-features-2.svg","width":100,"height":88,"caption":"veebikeskkond ostuarvete kinnitamiseks"},{"@type":"BreadcrumbList","@id":"https:\/\/eflow.live\/et\/tehniline-informatsioon-juurutajale\/#breadcrumb","itemListElement":[{"@type":"ListItem","position":1,"name":"Home","item":"https:\/\/eflow.live\/et\/"},{"@type":"ListItem","position":2,"name":"Tehniline informatsioon juurutajale"}]},{"@type":"WebSite","@id":"https:\/\/eflow.live\/et\/#website","url":"https:\/\/eflow.live\/et\/","name":"Telema eFlow","description":"","potentialAction":[{"@type":"SearchAction","target":{"@type":"EntryPoint","urlTemplate":"https:\/\/eflow.live\/et\/?s={search_term_string}"},"query-input":{"@type":"PropertyValueSpecification","valueRequired":true,"valueName":"search_term_string"}}],"inLanguage":"et"}]}},"_links":{"self":[{"href":"https:\/\/eflow.live\/et\/wp-json\/wp\/v2\/pages\/15367","targetHints":{"allow":["GET"]}}],"collection":[{"href":"https:\/\/eflow.live\/et\/wp-json\/wp\/v2\/pages"}],"about":[{"href":"https:\/\/eflow.live\/et\/wp-json\/wp\/v2\/types\/page"}],"author":[{"embeddable":true,"href":"https:\/\/eflow.live\/et\/wp-json\/wp\/v2\/users\/10"}],"replies":[{"embeddable":true,"href":"https:\/\/eflow.live\/et\/wp-json\/wp\/v2\/comments?post=15367"}],"version-history":[{"count":12,"href":"https:\/\/eflow.live\/et\/wp-json\/wp\/v2\/pages\/15367\/revisions"}],"predecessor-version":[{"id":19990,"href":"https:\/\/eflow.live\/et\/wp-json\/wp\/v2\/pages\/15367\/revisions\/19990"}],"wp:featuredmedia":[{"embeddable":true,"href":"https:\/\/eflow.live\/et\/wp-json\/wp\/v2\/media\/14986"}],"wp:attachment":[{"href":"https:\/\/eflow.live\/et\/wp-json\/wp\/v2\/media?parent=15367"}],"curies":[{"name":"wp","href":"https:\/\/api.w.org\/{rel}","templated":true}]}}